{"id":3534,"date":"2022-08-31T20:43:44","date_gmt":"2022-08-31T20:43:44","guid":{"rendered":"https:\/\/demo.artureanec.com\/themes\/industrium\/?page_id=3534"},"modified":"2023-09-22T16:41:38","modified_gmt":"2023-09-22T16:41:38","slug":"sistemi-di-giunzione","status":"publish","type":"page","link":"https:\/\/www.easyjointsystem.com\/fr\/sistemi-di-giunzione\/","title":{"rendered":"Syst\u00e8mes de jonction"},"content":{"rendered":"<div data-elementor-type=\"wp-page\" data-elementor-id=\"3534\" class=\"elementor elementor-3534\">\n\t\t\t\t\t\t<div class=\"elementor-inner\">\n\t\t\t\t<div class=\"elementor-section-wrap\">\n\t\t\t\t\t\t\t\t\t<section class=\"elementor-section elementor-top-section elementor-element elementor-element-785f3f8 elementor-section-full_width elementor-section-stretched elementor-section-height-default elementor-section-height-default\" data-id=\"785f3f8\" data-element_type=\"section\" data-settings=\"{&quot;stretch_section&quot;:&quot;section-stretched&quot;,&quot;background_background&quot;:&quot;classic&quot;}\">\n\t\t\t\t\t\t<div class=\"elementor-container elementor-column-gap-no\">\n\t\t\t\t\t\t\t<div class=\"elementor-row\">\n\t\t\t\t\t<div class=\"elementor-column elementor-col-100 elementor-top-column elementor-element elementor-element-473bd98 mobile-block-invert\" data-id=\"473bd98\" data-element_type=\"column\">\n\t\t\t<div class=\"elementor-column-wrap elementor-element-populated\">\n\t\t\t\t\t\t\t<div class=\"elementor-widget-wrap\">\n\t\t\t\t\t\t<div class=\"elementor-element elementor-element-0a16f26 elementor-widget__width-initial elementor-absolute elementor-hidden-laptop elementor-hidden-tablet_extra elementor-hidden-tablet elementor-hidden-mobile_extra elementor-hidden-mobile elementor-widget elementor-widget-text-editor\" data-id=\"0a16f26\" data-element_type=\"widget\" data-settings=\"{&quot;_position&quot;:&quot;absolute&quot;}\" data-widget_type=\"text-editor.default\">\n\t\t\t\t<div class=\"elementor-widget-container\">\n\t\t\t\t\t\t\t\t<div class=\"elementor-text-editor elementor-clearfix\">\n\t\t\t\t\t\t\t\t\t<\/div>\n\t\t\t\t\t\t<\/div>\n\t\t\t\t<\/div>\n\t\t\t\t<section class=\"elementor-section elementor-inner-section elementor-element elementor-element-621cca5 elementor-section-boxed elementor-section-height-default elementor-section-height-default\" data-id=\"621cca5\" data-element_type=\"section\">\n\t\t\t\t\t\t<div class=\"elementor-container elementor-column-gap-wide\">\n\t\t\t\t\t\t\t<div class=\"elementor-row\">\n\t\t\t\t\t<div class=\"elementor-column elementor-col-50 elementor-inner-column elementor-element elementor-element-89ac13c mobile-left\" data-id=\"89ac13c\" data-element_type=\"column\">\n\t\t\t<div class=\"elementor-column-wrap elementor-element-populated\">\n\t\t\t\t\t\t\t<div class=\"elementor-widget-wrap\">\n\t\t\t\t\t\t<div class=\"elementor-element elementor-element-65fa6f1 elementor-widget elementor-widget-image\" data-id=\"65fa6f1\" data-element_type=\"widget\" data-widget_type=\"image.default\">\n\t\t\t\t<div class=\"elementor-widget-container\">\n\t\t\t\t\t\t\t\t<div class=\"elementor-image\">\n\t\t\t\t\t\t\t\t\t\t\t\t<img loading=\"lazy\" decoding=\"async\" width=\"610\" height=\"406\" src=\"https:\/\/www.easyjointsystem.com\/wp-content\/uploads\/2023\/06\/5.jpg\" class=\"attachment-large size-large wp-image-19407\" alt=\"\" srcset=\"https:\/\/www.easyjointsystem.com\/wp-content\/uploads\/2023\/06\/5.jpg 610w, https:\/\/www.easyjointsystem.com\/wp-content\/uploads\/2023\/06\/5-300x200.jpg 300w, https:\/\/www.easyjointsystem.com\/wp-content\/uploads\/2023\/06\/5-600x399.jpg 600w\" sizes=\"auto, (max-width: 610px) 100vw, 610px\" \/>\t\t\t\t\t\t\t\t\t\t\t\t\t\t<\/div>\n\t\t\t\t\t\t<\/div>\n\t\t\t\t<\/div>\n\t\t\t\t<div class=\"elementor-element elementor-element-97e220f elementor-widget elementor-widget-image\" data-id=\"97e220f\" data-element_type=\"widget\" data-widget_type=\"image.default\">\n\t\t\t\t<div class=\"elementor-widget-container\">\n\t\t\t\t\t\t\t\t<div class=\"elementor-image\">\n\t\t\t\t\t\t\t\t\t\t\t\t<img loading=\"lazy\" decoding=\"async\" width=\"610\" height=\"406\" src=\"https:\/\/www.easyjointsystem.com\/wp-content\/uploads\/2023\/06\/2.jpg\" class=\"attachment-large size-large wp-image-19404\" alt=\"\" srcset=\"https:\/\/www.easyjointsystem.com\/wp-content\/uploads\/2023\/06\/2.jpg 610w, https:\/\/www.easyjointsystem.com\/wp-content\/uploads\/2023\/06\/2-300x200.jpg 300w, https:\/\/www.easyjointsystem.com\/wp-content\/uploads\/2023\/06\/2-600x399.jpg 600w\" sizes=\"auto, (max-width: 610px) 100vw, 610px\" \/>\t\t\t\t\t\t\t\t\t\t\t\t\t\t<\/div>\n\t\t\t\t\t\t<\/div>\n\t\t\t\t<\/div>\n\t\t\t\t\t\t<\/div>\n\t\t\t\t\t<\/div>\n\t\t<\/div>\n\t\t\t\t<div class=\"elementor-column elementor-col-50 elementor-inner-column elementor-element elementor-element-6f006b3 mobile-right\" data-id=\"6f006b3\" data-element_type=\"column\">\n\t\t\t<div class=\"elementor-column-wrap elementor-element-populated\">\n\t\t\t\t\t\t\t<div class=\"elementor-widget-wrap\">\n\t\t\t\t\t\t<div class=\"elementor-element elementor-element-6313a0a0 elementor-widget elementor-widget-industrium_heading\" data-id=\"6313a0a0\" data-element_type=\"widget\" data-widget_type=\"industrium_heading.default\">\n\t\t\t\t<div class=\"elementor-widget-container\">\n\t\t\t<div class=\"industrium-heading-widget\"><h2 class=\"industrium-heading\"><span class=\"industrium-heading-content\">Syst\u00e8mes de jonction<\/span><\/h2><\/div>\t\t<\/div>\n\t\t\t\t<\/div>\n\t\t\t\t<div class=\"elementor-element elementor-element-796731a3 elementor-widget elementor-widget-text-editor\" data-id=\"796731a3\" data-element_type=\"widget\" data-widget_type=\"text-editor.default\">\n\t\t\t\t<div class=\"elementor-widget-container\">\n\t\t\t\t\t\t\t\t<div class=\"elementor-text-editor elementor-clearfix\">\n\t\t\t\t<p>Les jonctions que nous proposons sont les suivants:<\/p><ul><li class=\" translation-block\">Fermeture \u00e0 glissi\u00e8re \u2013 avec dent moul\u00e9 sous pression interchangeable de 10 mm et curseur m\u00e9tallique<\/li><li class=\" translation-block\">Easy Joint \u2013 assemblage rapide, facile et hautement r\u00e9sistant<\/li><li class=\" translation-block\">Velcro \u2013 \u00e0 haute t\u00e9nacit\u00e9 et basses pertes de charge<\/li><\/ul><p>Chaque jonction pr\u00e9sente des caract\u00e9ristiques uniques, r\u00e9alis\u00e9e avec des mat\u00e9riaux de haute qualit\u00e9 soumis \u00e0 des contr\u00f4les rigoureux et peut r\u00e9pondre \u00e0 toute exigence de chantier.<\/p>\t\t\t\t\t<\/div>\n\t\t\t\t\t\t<\/div>\n\t\t\t\t<\/div>\n\t\t\t\t<div class=\"elementor-element elementor-element-3f18f15 elementor-widget elementor-widget-text-editor\" data-id=\"3f18f15\" data-element_type=\"widget\" data-widget_type=\"text-editor.default\">\n\t\t\t\t<div class=\"elementor-widget-container\">\n\t\t\t\t\t\t\t\t<div class=\"elementor-text-editor elementor-clearfix\">\n\t\t\t\t\t\t\t\t\t<\/div>\n\t\t\t\t\t\t<\/div>\n\t\t\t\t<\/div>\n\t\t\t\t\t\t<\/div>\n\t\t\t\t\t<\/div>\n\t\t<\/div>\n\t\t\t\t\t\t\t\t<\/div>\n\t\t\t\t\t<\/div>\n\t\t<\/section>\n\t\t\t\t\t\t<\/div>\n\t\t\t\t\t<\/div>\n\t\t<\/div>\n\t\t\t\t\t\t\t\t<\/div>\n\t\t\t\t\t<\/div>\n\t\t<\/section>\n\t\t\t\t\t\t\t\t\t<\/div>\n\t\t\t<\/div>\n\t\t\t\t\t<\/div>","protected":false},"excerpt":{"rendered":"<p>I giunti da noi proposti sono i seguenti: Zip \u2013 con dente pressofuso intercambiabile da 10 mm e cursore metallico. \u00a0Easy Joint \u2013 installazione veloce, facile e altamente resistente. Velcro \u2013 ad alta tenacit\u00e0 e basse perdite di carico. Ogni giunzione&#8230;<\/p>","protected":false},"author":1,"featured_media":0,"parent":0,"menu_order":0,"comment_status":"closed","ping_status":"closed","template":"","meta":{"footnotes":""},"class_list":["post-3534","page","type-page","status-publish","hentry"],"yoast_head":"<!-- This site is optimized with the Yoast SEO plugin v26.6 - https:\/\/yoast.com\/wordpress\/plugins\/seo\/ -->\n<title>Sistemi di giunzione - Easy Joint<\/title>\n<meta name=\"robots\" content=\"index, follow, max-snippet:-1, max-image-preview:large, max-video-preview:-1\" \/>\n<link rel=\"canonical\" href=\"https:\/\/www.easyjointsystem.com\/fr\/sistemi-di-giunzione\/\" \/>\n<meta property=\"og:locale\" content=\"fr_FR\" \/>\n<meta property=\"og:type\" content=\"article\" \/>\n<meta property=\"og:title\" content=\"Sistemi di giunzione - Easy Joint\" \/>\n<meta property=\"og:description\" content=\"I giunti da noi proposti sono i seguenti: Zip \u2013 con dente pressofuso intercambiabile da 10 mm e cursore metallico. \u00a0Easy Joint \u2013 installazione veloce, facile e altamente resistente. Velcro \u2013 ad alta tenacit\u00e0 e basse perdite di carico. Ogni giunzione...\" \/>\n<meta property=\"og:url\" content=\"https:\/\/www.easyjointsystem.com\/fr\/sistemi-di-giunzione\/\" \/>\n<meta property=\"og:site_name\" content=\"Easy Joint\" \/>\n<meta property=\"article:modified_time\" content=\"2023-09-22T16:41:38+00:00\" \/>\n<meta property=\"og:image\" content=\"https:\/\/www.easyjointsystem.com\/wp-content\/uploads\/2023\/06\/5.jpg\" \/>\n\t<meta property=\"og:image:width\" content=\"610\" \/>\n\t<meta property=\"og:image:height\" content=\"406\" \/>\n\t<meta property=\"og:image:type\" content=\"image\/jpeg\" \/>\n<meta name=\"twitter:card\" content=\"summary_large_image\" \/>\n<script type=\"application\/ld+json\" class=\"yoast-schema-graph\">{\"@context\":\"https:\/\/schema.org\",\"@graph\":[{\"@type\":\"WebPage\",\"@id\":\"https:\/\/www.easyjointsystem.com\/sistemi-di-giunzione\/\",\"url\":\"https:\/\/www.easyjointsystem.com\/sistemi-di-giunzione\/\",\"name\":\"Sistemi di giunzione - Easy Joint\",\"isPartOf\":{\"@id\":\"https:\/\/www.easyjointsystem.com\/#website\"},\"primaryImageOfPage\":{\"@id\":\"https:\/\/www.easyjointsystem.com\/sistemi-di-giunzione\/#primaryimage\"},\"image\":{\"@id\":\"https:\/\/www.easyjointsystem.com\/sistemi-di-giunzione\/#primaryimage\"},\"thumbnailUrl\":\"https:\/\/www.easyjointsystem.com\/wp-content\/uploads\/2023\/06\/5.jpg\",\"datePublished\":\"2022-08-31T20:43:44+00:00\",\"dateModified\":\"2023-09-22T16:41:38+00:00\",\"breadcrumb\":{\"@id\":\"https:\/\/www.easyjointsystem.com\/sistemi-di-giunzione\/#breadcrumb\"},\"inLanguage\":\"fr-FR\",\"potentialAction\":[{\"@type\":\"ReadAction\",\"target\":[\"https:\/\/www.easyjointsystem.com\/sistemi-di-giunzione\/\"]}]},{\"@type\":\"ImageObject\",\"inLanguage\":\"fr-FR\",\"@id\":\"https:\/\/www.easyjointsystem.com\/sistemi-di-giunzione\/#primaryimage\",\"url\":\"https:\/\/www.easyjointsystem.com\/wp-content\/uploads\/2023\/06\/5.jpg\",\"contentUrl\":\"https:\/\/www.easyjointsystem.com\/wp-content\/uploads\/2023\/06\/5.jpg\"},{\"@type\":\"BreadcrumbList\",\"@id\":\"https:\/\/www.easyjointsystem.com\/sistemi-di-giunzione\/#breadcrumb\",\"itemListElement\":[{\"@type\":\"ListItem\",\"position\":1,\"name\":\"Home\",\"item\":\"https:\/\/www.easyjointsystem.com\/\"},{\"@type\":\"ListItem\",\"position\":2,\"name\":\"Sistemi di giunzione\"}]},{\"@type\":\"WebSite\",\"@id\":\"https:\/\/www.easyjointsystem.com\/#website\",\"url\":\"https:\/\/www.easyjointsystem.com\/\",\"name\":\"Easy Joint\",\"description\":\"G&amp;G Partners\",\"publisher\":{\"@id\":\"https:\/\/www.easyjointsystem.com\/#organization\"},\"potentialAction\":[{\"@type\":\"SearchAction\",\"target\":{\"@type\":\"EntryPoint\",\"urlTemplate\":\"https:\/\/www.easyjointsystem.com\/?s={search_term_string}\"},\"query-input\":{\"@type\":\"PropertyValueSpecification\",\"valueRequired\":true,\"valueName\":\"search_term_string\"}}],\"inLanguage\":\"fr-FR\"},{\"@type\":\"Organization\",\"@id\":\"https:\/\/www.easyjointsystem.com\/#organization\",\"name\":\"Easy Joint\",\"url\":\"https:\/\/www.easyjointsystem.com\/\",\"logo\":{\"@type\":\"ImageObject\",\"inLanguage\":\"fr-FR\",\"@id\":\"https:\/\/www.easyjointsystem.com\/#\/schema\/logo\/image\/\",\"url\":\"https:\/\/www.easyjointsystem.com\/wp-content\/uploads\/2023\/03\/Logo-gg-1.png\",\"contentUrl\":\"https:\/\/www.easyjointsystem.com\/wp-content\/uploads\/2023\/03\/Logo-gg-1.png\",\"width\":992,\"height\":523,\"caption\":\"Easy Joint\"},\"image\":{\"@id\":\"https:\/\/www.easyjointsystem.com\/#\/schema\/logo\/image\/\"}}]}<\/script>\n<!-- \/ Yoast SEO plugin. -->","yoast_head_json":{"title":"Sistemi di giunzione - Easy Joint","robots":{"index":"index","follow":"follow","max-snippet":"max-snippet:-1","max-image-preview":"max-image-preview:large","max-video-preview":"max-video-preview:-1"},"canonical":"https:\/\/www.easyjointsystem.com\/fr\/sistemi-di-giunzione\/","og_locale":"fr_FR","og_type":"article","og_title":"Sistemi di giunzione - Easy Joint","og_description":"I giunti da noi proposti sono i seguenti: Zip \u2013 con dente pressofuso intercambiabile da 10 mm e cursore metallico. \u00a0Easy Joint \u2013 installazione veloce, facile e altamente resistente. Velcro \u2013 ad alta tenacit\u00e0 e basse perdite di carico. Ogni giunzione...","og_url":"https:\/\/www.easyjointsystem.com\/fr\/sistemi-di-giunzione\/","og_site_name":"Easy Joint","article_modified_time":"2023-09-22T16:41:38+00:00","og_image":[{"width":610,"height":406,"url":"https:\/\/www.easyjointsystem.com\/wp-content\/uploads\/2023\/06\/5.jpg","type":"image\/jpeg"}],"twitter_card":"summary_large_image","schema":{"@context":"https:\/\/schema.org","@graph":[{"@type":"WebPage","@id":"https:\/\/www.easyjointsystem.com\/sistemi-di-giunzione\/","url":"https:\/\/www.easyjointsystem.com\/sistemi-di-giunzione\/","name":"Sistemi di giunzione - Easy Joint","isPartOf":{"@id":"https:\/\/www.easyjointsystem.com\/#website"},"primaryImageOfPage":{"@id":"https:\/\/www.easyjointsystem.com\/sistemi-di-giunzione\/#primaryimage"},"image":{"@id":"https:\/\/www.easyjointsystem.com\/sistemi-di-giunzione\/#primaryimage"},"thumbnailUrl":"https:\/\/www.easyjointsystem.com\/wp-content\/uploads\/2023\/06\/5.jpg","datePublished":"2022-08-31T20:43:44+00:00","dateModified":"2023-09-22T16:41:38+00:00","breadcrumb":{"@id":"https:\/\/www.easyjointsystem.com\/sistemi-di-giunzione\/#breadcrumb"},"inLanguage":"fr-FR","potentialAction":[{"@type":"ReadAction","target":["https:\/\/www.easyjointsystem.com\/sistemi-di-giunzione\/"]}]},{"@type":"ImageObject","inLanguage":"fr-FR","@id":"https:\/\/www.easyjointsystem.com\/sistemi-di-giunzione\/#primaryimage","url":"https:\/\/www.easyjointsystem.com\/wp-content\/uploads\/2023\/06\/5.jpg","contentUrl":"https:\/\/www.easyjointsystem.com\/wp-content\/uploads\/2023\/06\/5.jpg"},{"@type":"BreadcrumbList","@id":"https:\/\/www.easyjointsystem.com\/sistemi-di-giunzione\/#breadcrumb","itemListElement":[{"@type":"ListItem","position":1,"name":"Home","item":"https:\/\/www.easyjointsystem.com\/"},{"@type":"ListItem","position":2,"name":"Sistemi di giunzione"}]},{"@type":"WebSite","@id":"https:\/\/www.easyjointsystem.com\/#website","url":"https:\/\/www.easyjointsystem.com\/","name":"Easy Joint","description":"G&amp;G Partners","publisher":{"@id":"https:\/\/www.easyjointsystem.com\/#organization"},"potentialAction":[{"@type":"SearchAction","target":{"@type":"EntryPoint","urlTemplate":"https:\/\/www.easyjointsystem.com\/?s={search_term_string}"},"query-input":{"@type":"PropertyValueSpecification","valueRequired":true,"valueName":"search_term_string"}}],"inLanguage":"fr-FR"},{"@type":"Organization","@id":"https:\/\/www.easyjointsystem.com\/#organization","name":"Easy Joint","url":"https:\/\/www.easyjointsystem.com\/","logo":{"@type":"ImageObject","inLanguage":"fr-FR","@id":"https:\/\/www.easyjointsystem.com\/#\/schema\/logo\/image\/","url":"https:\/\/www.easyjointsystem.com\/wp-content\/uploads\/2023\/03\/Logo-gg-1.png","contentUrl":"https:\/\/www.easyjointsystem.com\/wp-content\/uploads\/2023\/03\/Logo-gg-1.png","width":992,"height":523,"caption":"Easy Joint"},"image":{"@id":"https:\/\/www.easyjointsystem.com\/#\/schema\/logo\/image\/"}}]}},"_links":{"self":[{"href":"https:\/\/www.easyjointsystem.com\/fr\/wp-json\/wp\/v2\/pages\/3534","targetHints":{"allow":["GET"]}}],"collection":[{"href":"https:\/\/www.easyjointsystem.com\/fr\/wp-json\/wp\/v2\/pages"}],"about":[{"href":"https:\/\/www.easyjointsystem.com\/fr\/wp-json\/wp\/v2\/types\/page"}],"author":[{"embeddable":true,"href":"https:\/\/www.easyjointsystem.com\/fr\/wp-json\/wp\/v2\/users\/1"}],"replies":[{"embeddable":true,"href":"https:\/\/www.easyjointsystem.com\/fr\/wp-json\/wp\/v2\/comments?post=3534"}],"version-history":[{"count":130,"href":"https:\/\/www.easyjointsystem.com\/fr\/wp-json\/wp\/v2\/pages\/3534\/revisions"}],"predecessor-version":[{"id":19551,"href":"https:\/\/www.easyjointsystem.com\/fr\/wp-json\/wp\/v2\/pages\/3534\/revisions\/19551"}],"wp:attachment":[{"href":"https:\/\/www.easyjointsystem.com\/fr\/wp-json\/wp\/v2\/media?parent=3534"}],"curies":[{"name":"wp","href":"https:\/\/api.w.org\/{rel}","templated":true}]}}