{"id":18803,"date":"2023-05-09T10:15:47","date_gmt":"2023-05-09T10:15:47","guid":{"rendered":"https:\/\/www.easyjointsystem.com\/?page_id=18803"},"modified":"2023-06-23T17:19:04","modified_gmt":"2023-06-23T17:19:04","slug":"gamma-pezzi-speciali","status":"publish","type":"page","link":"https:\/\/www.easyjointsystem.com\/fr\/gamma-pezzi-speciali\/","title":{"rendered":"Gamme pi\u00e8ces sp\u00e9ciales"},"content":{"rendered":"<div data-elementor-type=\"wp-page\" data-elementor-id=\"18803\" class=\"elementor elementor-18803\">\n\t\t\t\t\t\t<div class=\"elementor-inner\">\n\t\t\t\t<div class=\"elementor-section-wrap\">\n\t\t\t\t\t\t\t\t\t<section class=\"elementor-section elementor-top-section elementor-element elementor-element-f42a399 elementor-section-full_width elementor-section-stretched elementor-section-height-default elementor-section-height-default\" data-id=\"f42a399\" data-element_type=\"section\" data-settings=\"{&quot;stretch_section&quot;:&quot;section-stretched&quot;,&quot;background_background&quot;:&quot;classic&quot;}\">\n\t\t\t\t\t\t<div class=\"elementor-container elementor-column-gap-no\">\n\t\t\t\t\t\t\t<div class=\"elementor-row\">\n\t\t\t\t\t<div class=\"elementor-column elementor-col-100 elementor-top-column elementor-element elementor-element-7cca924 mobile-block-invert\" data-id=\"7cca924\" data-element_type=\"column\">\n\t\t\t<div class=\"elementor-column-wrap elementor-element-populated\">\n\t\t\t\t\t\t\t<div class=\"elementor-widget-wrap\">\n\t\t\t\t\t\t<div class=\"elementor-element elementor-element-eb7e80c elementor-widget__width-initial elementor-absolute elementor-hidden-laptop elementor-hidden-tablet_extra elementor-hidden-tablet elementor-hidden-mobile_extra elementor-hidden-mobile elementor-widget elementor-widget-text-editor\" data-id=\"eb7e80c\" data-element_type=\"widget\" data-settings=\"{&quot;_position&quot;:&quot;absolute&quot;}\" data-widget_type=\"text-editor.default\">\n\t\t\t\t<div class=\"elementor-widget-container\">\n\t\t\t\t\t\t\t\t<div class=\"elementor-text-editor elementor-clearfix\">\n\t\t\t\t\t\t\t\t\t<\/div>\n\t\t\t\t\t\t<\/div>\n\t\t\t\t<\/div>\n\t\t\t\t<section class=\"elementor-section elementor-inner-section elementor-element elementor-element-2644f16 elementor-section-boxed elementor-section-height-default elementor-section-height-default\" data-id=\"2644f16\" data-element_type=\"section\">\n\t\t\t\t\t\t<div class=\"elementor-container elementor-column-gap-wide\">\n\t\t\t\t\t\t\t<div class=\"elementor-row\">\n\t\t\t\t\t<div class=\"elementor-column elementor-col-50 elementor-inner-column elementor-element elementor-element-f0a6827 mobile-left\" data-id=\"f0a6827\" data-element_type=\"column\">\n\t\t\t<div class=\"elementor-column-wrap elementor-element-populated\">\n\t\t\t\t\t\t\t<div class=\"elementor-widget-wrap\">\n\t\t\t\t\t\t<div class=\"elementor-element elementor-element-c33c602 elementor-widget elementor-widget-image\" data-id=\"c33c602\" data-element_type=\"widget\" data-widget_type=\"image.default\">\n\t\t\t\t<div class=\"elementor-widget-container\">\n\t\t\t\t\t\t\t\t<div class=\"elementor-image\">\n\t\t\t\t\t\t\t\t\t\t\t\t<img loading=\"lazy\" decoding=\"async\" width=\"1024\" height=\"685\" src=\"https:\/\/www.easyjointsystem.com\/wp-content\/uploads\/2023\/06\/3-1024x685.jpg\" class=\"attachment-large size-large wp-image-19405\" alt=\"\" srcset=\"https:\/\/www.easyjointsystem.com\/wp-content\/uploads\/2023\/06\/3-1024x685.jpg 1024w, https:\/\/www.easyjointsystem.com\/wp-content\/uploads\/2023\/06\/3-300x201.jpg 300w, https:\/\/www.easyjointsystem.com\/wp-content\/uploads\/2023\/06\/3-768x514.jpg 768w, https:\/\/www.easyjointsystem.com\/wp-content\/uploads\/2023\/06\/3-600x401.jpg 600w, https:\/\/www.easyjointsystem.com\/wp-content\/uploads\/2023\/06\/3.jpg 1220w\" sizes=\"auto, (max-width: 1024px) 100vw, 1024px\" \/>\t\t\t\t\t\t\t\t\t\t\t\t\t\t<\/div>\n\t\t\t\t\t\t<\/div>\n\t\t\t\t<\/div>\n\t\t\t\t<div class=\"elementor-element elementor-element-dbc7b1d elementor-widget elementor-widget-image\" data-id=\"dbc7b1d\" data-element_type=\"widget\" data-widget_type=\"image.default\">\n\t\t\t\t<div class=\"elementor-widget-container\">\n\t\t\t\t\t\t\t\t<div class=\"elementor-image\">\n\t\t\t\t\t\t\t\t\t\t\t\t<img loading=\"lazy\" decoding=\"async\" width=\"1024\" height=\"685\" src=\"https:\/\/www.easyjointsystem.com\/wp-content\/uploads\/2023\/06\/4-1024x685.jpg\" class=\"attachment-large size-large wp-image-19406\" alt=\"\" srcset=\"https:\/\/www.easyjointsystem.com\/wp-content\/uploads\/2023\/06\/4-1024x685.jpg 1024w, https:\/\/www.easyjointsystem.com\/wp-content\/uploads\/2023\/06\/4-300x201.jpg 300w, https:\/\/www.easyjointsystem.com\/wp-content\/uploads\/2023\/06\/4-768x514.jpg 768w, https:\/\/www.easyjointsystem.com\/wp-content\/uploads\/2023\/06\/4-600x401.jpg 600w, https:\/\/www.easyjointsystem.com\/wp-content\/uploads\/2023\/06\/4.jpg 1220w\" sizes=\"auto, (max-width: 1024px) 100vw, 1024px\" \/>\t\t\t\t\t\t\t\t\t\t\t\t\t\t<\/div>\n\t\t\t\t\t\t<\/div>\n\t\t\t\t<\/div>\n\t\t\t\t\t\t<\/div>\n\t\t\t\t\t<\/div>\n\t\t<\/div>\n\t\t\t\t<div class=\"elementor-column elementor-col-50 elementor-inner-column elementor-element elementor-element-df30b58 mobile-right\" data-id=\"df30b58\" data-element_type=\"column\">\n\t\t\t<div class=\"elementor-column-wrap elementor-element-populated\">\n\t\t\t\t\t\t\t<div class=\"elementor-widget-wrap\">\n\t\t\t\t\t\t<div class=\"elementor-element elementor-element-6313a0a0 elementor-widget elementor-widget-industrium_heading\" data-id=\"6313a0a0\" data-element_type=\"widget\" data-widget_type=\"industrium_heading.default\">\n\t\t\t\t<div class=\"elementor-widget-container\">\n\t\t\t<div class=\"industrium-heading-widget\"><h2 class=\"industrium-heading\"><span class=\"industrium-heading-content\">El\u00e9ments de connexion<\/span><\/h2><\/div>\t\t<\/div>\n\t\t\t\t<\/div>\n\t\t\t\t<div class=\"elementor-element elementor-element-796731a3 elementor-widget elementor-widget-text-editor\" data-id=\"796731a3\" data-element_type=\"widget\" data-widget_type=\"text-editor.default\">\n\t\t\t\t<div class=\"elementor-widget-container\">\n\t\t\t\t\t\t\t\t<div class=\"elementor-text-editor elementor-clearfix\">\n\t\t\t\t<p class=\" translation-block\">Nos pi\u00e8ces sp\u00e9ciales sont faites \u00e0 la main par notre personnel hautement qualifi\u00e9.\nLe dessin sur CAO est transf\u00e9r\u00e9 \u00e0 la machine de d\u00e9coupe et le conditionnement final est r\u00e9alis\u00e9 par des techniciens sp\u00e9cialis\u00e9s.<\/p><p class=\" translation-block\">Nous pouvons donc r\u00e9aliser tout type de connexion, avec n\u2019importe quel rayon, angle et largeur, selon les sp\u00e9cifications du projet.<\/p><p>Gr\u00e2ce au rapport qualit\u00e9-prix des produits Easy Joint, nous sommes devenus un point de rep\u00e8re dans le secteur, en offrant des produits de haute qualit\u00e9 \u00e0 des prix comp\u00e9titifs.<\/p>\t\t\t\t\t<\/div>\n\t\t\t\t\t\t<\/div>\n\t\t\t\t<\/div>\n\t\t\t\t<div class=\"elementor-element elementor-element-7a62b5e elementor-widget elementor-widget-text-editor\" data-id=\"7a62b5e\" data-element_type=\"widget\" data-widget_type=\"text-editor.default\">\n\t\t\t\t<div class=\"elementor-widget-container\">\n\t\t\t\t\t\t\t\t<div class=\"elementor-text-editor elementor-clearfix\">\n\t\t\t\t\t\t\t\t\t<\/div>\n\t\t\t\t\t\t<\/div>\n\t\t\t\t<\/div>\n\t\t\t\t\t\t<\/div>\n\t\t\t\t\t<\/div>\n\t\t<\/div>\n\t\t\t\t\t\t\t\t<\/div>\n\t\t\t\t\t<\/div>\n\t\t<\/section>\n\t\t\t\t\t\t<\/div>\n\t\t\t\t\t<\/div>\n\t\t<\/div>\n\t\t\t\t\t\t\t\t<\/div>\n\t\t\t\t\t<\/div>\n\t\t<\/section>\n\t\t\t\t\t\t\t\t\t<\/div>\n\t\t\t<\/div>\n\t\t\t\t\t<\/div>","protected":false},"excerpt":{"rendered":"<p>I nostri pezzi speciali vengono realizzati a mano da personale altamente qualificato.Il disegno su CAD viene trasferito al plotter per il taglio ed il confezionamento finale viene effettuato da tecnici specializzati. Siamo quindi in grado di realizzare\u00a0qualsiasi tipologia di raccordo, con&#8230;<\/p>","protected":false},"author":2,"featured_media":0,"parent":0,"menu_order":0,"comment_status":"closed","ping_status":"closed","template":"","meta":{"footnotes":""},"class_list":["post-18803","page","type-page","status-publish","hentry"],"yoast_head":"<!-- This site is optimized with the Yoast SEO plugin v26.6 - https:\/\/yoast.com\/wordpress\/plugins\/seo\/ -->\n<title>Gamma pezzi speciali - Easy Joint<\/title>\n<meta name=\"robots\" content=\"index, follow, max-snippet:-1, max-image-preview:large, max-video-preview:-1\" \/>\n<link rel=\"canonical\" href=\"https:\/\/www.easyjointsystem.com\/fr\/gamma-pezzi-speciali\/\" \/>\n<meta property=\"og:locale\" content=\"fr_FR\" \/>\n<meta property=\"og:type\" content=\"article\" \/>\n<meta property=\"og:title\" content=\"Gamma pezzi speciali - Easy Joint\" \/>\n<meta property=\"og:description\" content=\"I nostri pezzi speciali vengono realizzati a mano da personale altamente qualificato.Il disegno su CAD viene trasferito al plotter per il taglio ed il confezionamento finale viene effettuato da tecnici specializzati. Siamo quindi in grado di realizzare\u00a0qualsiasi tipologia di raccordo, con...\" \/>\n<meta property=\"og:url\" content=\"https:\/\/www.easyjointsystem.com\/fr\/gamma-pezzi-speciali\/\" \/>\n<meta property=\"og:site_name\" content=\"Easy Joint\" \/>\n<meta property=\"article:modified_time\" content=\"2023-06-23T17:19:04+00:00\" \/>\n<meta property=\"og:image\" content=\"https:\/\/www.easyjointsystem.com\/wp-content\/uploads\/2023\/06\/3.jpg\" \/>\n\t<meta property=\"og:image:width\" content=\"1220\" \/>\n\t<meta property=\"og:image:height\" content=\"816\" \/>\n\t<meta property=\"og:image:type\" content=\"image\/jpeg\" \/>\n<meta name=\"twitter:card\" content=\"summary_large_image\" \/>\n<script type=\"application\/ld+json\" class=\"yoast-schema-graph\">{\"@context\":\"https:\/\/schema.org\",\"@graph\":[{\"@type\":\"WebPage\",\"@id\":\"https:\/\/www.easyjointsystem.com\/gamma-pezzi-speciali\/\",\"url\":\"https:\/\/www.easyjointsystem.com\/gamma-pezzi-speciali\/\",\"name\":\"Gamma pezzi speciali - Easy Joint\",\"isPartOf\":{\"@id\":\"https:\/\/www.easyjointsystem.com\/#website\"},\"primaryImageOfPage\":{\"@id\":\"https:\/\/www.easyjointsystem.com\/gamma-pezzi-speciali\/#primaryimage\"},\"image\":{\"@id\":\"https:\/\/www.easyjointsystem.com\/gamma-pezzi-speciali\/#primaryimage\"},\"thumbnailUrl\":\"https:\/\/www.easyjointsystem.com\/wp-content\/uploads\/2023\/06\/3-1024x685.jpg\",\"datePublished\":\"2023-05-09T10:15:47+00:00\",\"dateModified\":\"2023-06-23T17:19:04+00:00\",\"breadcrumb\":{\"@id\":\"https:\/\/www.easyjointsystem.com\/gamma-pezzi-speciali\/#breadcrumb\"},\"inLanguage\":\"fr-FR\",\"potentialAction\":[{\"@type\":\"ReadAction\",\"target\":[\"https:\/\/www.easyjointsystem.com\/gamma-pezzi-speciali\/\"]}]},{\"@type\":\"ImageObject\",\"inLanguage\":\"fr-FR\",\"@id\":\"https:\/\/www.easyjointsystem.com\/gamma-pezzi-speciali\/#primaryimage\",\"url\":\"https:\/\/www.easyjointsystem.com\/wp-content\/uploads\/2023\/06\/3-1024x685.jpg\",\"contentUrl\":\"https:\/\/www.easyjointsystem.com\/wp-content\/uploads\/2023\/06\/3-1024x685.jpg\"},{\"@type\":\"BreadcrumbList\",\"@id\":\"https:\/\/www.easyjointsystem.com\/gamma-pezzi-speciali\/#breadcrumb\",\"itemListElement\":[{\"@type\":\"ListItem\",\"position\":1,\"name\":\"Home\",\"item\":\"https:\/\/www.easyjointsystem.com\/\"},{\"@type\":\"ListItem\",\"position\":2,\"name\":\"Gamma pezzi speciali\"}]},{\"@type\":\"WebSite\",\"@id\":\"https:\/\/www.easyjointsystem.com\/#website\",\"url\":\"https:\/\/www.easyjointsystem.com\/\",\"name\":\"Easy Joint\",\"description\":\"G&amp;G Partners\",\"publisher\":{\"@id\":\"https:\/\/www.easyjointsystem.com\/#organization\"},\"potentialAction\":[{\"@type\":\"SearchAction\",\"target\":{\"@type\":\"EntryPoint\",\"urlTemplate\":\"https:\/\/www.easyjointsystem.com\/?s={search_term_string}\"},\"query-input\":{\"@type\":\"PropertyValueSpecification\",\"valueRequired\":true,\"valueName\":\"search_term_string\"}}],\"inLanguage\":\"fr-FR\"},{\"@type\":\"Organization\",\"@id\":\"https:\/\/www.easyjointsystem.com\/#organization\",\"name\":\"Easy Joint\",\"url\":\"https:\/\/www.easyjointsystem.com\/\",\"logo\":{\"@type\":\"ImageObject\",\"inLanguage\":\"fr-FR\",\"@id\":\"https:\/\/www.easyjointsystem.com\/#\/schema\/logo\/image\/\",\"url\":\"https:\/\/www.easyjointsystem.com\/wp-content\/uploads\/2023\/03\/Logo-gg-1.png\",\"contentUrl\":\"https:\/\/www.easyjointsystem.com\/wp-content\/uploads\/2023\/03\/Logo-gg-1.png\",\"width\":992,\"height\":523,\"caption\":\"Easy Joint\"},\"image\":{\"@id\":\"https:\/\/www.easyjointsystem.com\/#\/schema\/logo\/image\/\"}}]}<\/script>\n<!-- \/ Yoast SEO plugin. -->","yoast_head_json":{"title":"Gamma pezzi speciali - Easy Joint","robots":{"index":"index","follow":"follow","max-snippet":"max-snippet:-1","max-image-preview":"max-image-preview:large","max-video-preview":"max-video-preview:-1"},"canonical":"https:\/\/www.easyjointsystem.com\/fr\/gamma-pezzi-speciali\/","og_locale":"fr_FR","og_type":"article","og_title":"Gamma pezzi speciali - Easy Joint","og_description":"I nostri pezzi speciali vengono realizzati a mano da personale altamente qualificato.Il disegno su CAD viene trasferito al plotter per il taglio ed il confezionamento finale viene effettuato da tecnici specializzati. Siamo quindi in grado di realizzare\u00a0qualsiasi tipologia di raccordo, con...","og_url":"https:\/\/www.easyjointsystem.com\/fr\/gamma-pezzi-speciali\/","og_site_name":"Easy Joint","article_modified_time":"2023-06-23T17:19:04+00:00","og_image":[{"width":1220,"height":816,"url":"https:\/\/www.easyjointsystem.com\/wp-content\/uploads\/2023\/06\/3.jpg","type":"image\/jpeg"}],"twitter_card":"summary_large_image","schema":{"@context":"https:\/\/schema.org","@graph":[{"@type":"WebPage","@id":"https:\/\/www.easyjointsystem.com\/gamma-pezzi-speciali\/","url":"https:\/\/www.easyjointsystem.com\/gamma-pezzi-speciali\/","name":"Gamma pezzi speciali - Easy Joint","isPartOf":{"@id":"https:\/\/www.easyjointsystem.com\/#website"},"primaryImageOfPage":{"@id":"https:\/\/www.easyjointsystem.com\/gamma-pezzi-speciali\/#primaryimage"},"image":{"@id":"https:\/\/www.easyjointsystem.com\/gamma-pezzi-speciali\/#primaryimage"},"thumbnailUrl":"https:\/\/www.easyjointsystem.com\/wp-content\/uploads\/2023\/06\/3-1024x685.jpg","datePublished":"2023-05-09T10:15:47+00:00","dateModified":"2023-06-23T17:19:04+00:00","breadcrumb":{"@id":"https:\/\/www.easyjointsystem.com\/gamma-pezzi-speciali\/#breadcrumb"},"inLanguage":"fr-FR","potentialAction":[{"@type":"ReadAction","target":["https:\/\/www.easyjointsystem.com\/gamma-pezzi-speciali\/"]}]},{"@type":"ImageObject","inLanguage":"fr-FR","@id":"https:\/\/www.easyjointsystem.com\/gamma-pezzi-speciali\/#primaryimage","url":"https:\/\/www.easyjointsystem.com\/wp-content\/uploads\/2023\/06\/3-1024x685.jpg","contentUrl":"https:\/\/www.easyjointsystem.com\/wp-content\/uploads\/2023\/06\/3-1024x685.jpg"},{"@type":"BreadcrumbList","@id":"https:\/\/www.easyjointsystem.com\/gamma-pezzi-speciali\/#breadcrumb","itemListElement":[{"@type":"ListItem","position":1,"name":"Home","item":"https:\/\/www.easyjointsystem.com\/"},{"@type":"ListItem","position":2,"name":"Gamma pezzi speciali"}]},{"@type":"WebSite","@id":"https:\/\/www.easyjointsystem.com\/#website","url":"https:\/\/www.easyjointsystem.com\/","name":"Easy Joint","description":"G&amp;G Partners","publisher":{"@id":"https:\/\/www.easyjointsystem.com\/#organization"},"potentialAction":[{"@type":"SearchAction","target":{"@type":"EntryPoint","urlTemplate":"https:\/\/www.easyjointsystem.com\/?s={search_term_string}"},"query-input":{"@type":"PropertyValueSpecification","valueRequired":true,"valueName":"search_term_string"}}],"inLanguage":"fr-FR"},{"@type":"Organization","@id":"https:\/\/www.easyjointsystem.com\/#organization","name":"Easy Joint","url":"https:\/\/www.easyjointsystem.com\/","logo":{"@type":"ImageObject","inLanguage":"fr-FR","@id":"https:\/\/www.easyjointsystem.com\/#\/schema\/logo\/image\/","url":"https:\/\/www.easyjointsystem.com\/wp-content\/uploads\/2023\/03\/Logo-gg-1.png","contentUrl":"https:\/\/www.easyjointsystem.com\/wp-content\/uploads\/2023\/03\/Logo-gg-1.png","width":992,"height":523,"caption":"Easy Joint"},"image":{"@id":"https:\/\/www.easyjointsystem.com\/#\/schema\/logo\/image\/"}}]}},"_links":{"self":[{"href":"https:\/\/www.easyjointsystem.com\/fr\/wp-json\/wp\/v2\/pages\/18803","targetHints":{"allow":["GET"]}}],"collection":[{"href":"https:\/\/www.easyjointsystem.com\/fr\/wp-json\/wp\/v2\/pages"}],"about":[{"href":"https:\/\/www.easyjointsystem.com\/fr\/wp-json\/wp\/v2\/types\/page"}],"author":[{"embeddable":true,"href":"https:\/\/www.easyjointsystem.com\/fr\/wp-json\/wp\/v2\/users\/2"}],"replies":[{"embeddable":true,"href":"https:\/\/www.easyjointsystem.com\/fr\/wp-json\/wp\/v2\/comments?post=18803"}],"version-history":[{"count":44,"href":"https:\/\/www.easyjointsystem.com\/fr\/wp-json\/wp\/v2\/pages\/18803\/revisions"}],"predecessor-version":[{"id":19414,"href":"https:\/\/www.easyjointsystem.com\/fr\/wp-json\/wp\/v2\/pages\/18803\/revisions\/19414"}],"wp:attachment":[{"href":"https:\/\/www.easyjointsystem.com\/fr\/wp-json\/wp\/v2\/media?parent=18803"}],"curies":[{"name":"wp","href":"https:\/\/api.w.org\/{rel}","templated":true}]}}