{"id":34,"date":"2022-02-16T08:01:47","date_gmt":"2022-02-16T08:01:47","guid":{"rendered":"https:\/\/demo.artureanec.com\/themes\/industrium\/?page_id=34"},"modified":"2023-09-22T16:34:10","modified_gmt":"2023-09-22T16:34:10","slug":"condotte-di-ventilazione","status":"publish","type":"page","link":"https:\/\/www.easyjointsystem.com\/es\/condotte-di-ventilazione\/","title":{"rendered":"Conductos de ventilaci\u00f3n"},"content":{"rendered":"<div data-elementor-type=\"wp-page\" data-elementor-id=\"34\" class=\"elementor elementor-34\">\n\t\t\t\t\t\t<div class=\"elementor-inner\">\n\t\t\t\t<div class=\"elementor-section-wrap\">\n\t\t\t\t\t\t\t\t\t<section class=\"elementor-section elementor-top-section elementor-element elementor-element-bfecd03 elementor-section-full_width elementor-section-stretched elementor-section-height-default elementor-section-height-default\" data-id=\"bfecd03\" data-element_type=\"section\" data-settings=\"{&quot;stretch_section&quot;:&quot;section-stretched&quot;,&quot;background_background&quot;:&quot;classic&quot;}\">\n\t\t\t\t\t\t<div class=\"elementor-container elementor-column-gap-no\">\n\t\t\t\t\t\t\t<div class=\"elementor-row\">\n\t\t\t\t\t<div class=\"elementor-column elementor-col-100 elementor-top-column elementor-element elementor-element-fff7267 mobile-block-invert\" data-id=\"fff7267\" data-element_type=\"column\">\n\t\t\t<div class=\"elementor-column-wrap elementor-element-populated\">\n\t\t\t\t\t\t\t<div class=\"elementor-widget-wrap\">\n\t\t\t\t\t\t<div class=\"elementor-element elementor-element-18f12e5 elementor-widget__width-initial elementor-absolute elementor-hidden-laptop elementor-hidden-tablet_extra elementor-hidden-tablet elementor-hidden-mobile_extra elementor-hidden-mobile elementor-widget elementor-widget-text-editor\" data-id=\"18f12e5\" data-element_type=\"widget\" data-settings=\"{&quot;_position&quot;:&quot;absolute&quot;}\" data-widget_type=\"text-editor.default\">\n\t\t\t\t<div class=\"elementor-widget-container\">\n\t\t\t\t\t\t\t\t<div class=\"elementor-text-editor elementor-clearfix\">\n\t\t\t\t\t\t\t\t\t<\/div>\n\t\t\t\t\t\t<\/div>\n\t\t\t\t<\/div>\n\t\t\t\t<section class=\"elementor-section elementor-inner-section elementor-element elementor-element-c0b9d64 elementor-section-boxed elementor-section-height-default elementor-section-height-default\" data-id=\"c0b9d64\" data-element_type=\"section\">\n\t\t\t\t\t\t<div class=\"elementor-container elementor-column-gap-wide\">\n\t\t\t\t\t\t\t<div class=\"elementor-row\">\n\t\t\t\t\t<div class=\"elementor-column elementor-col-50 elementor-inner-column elementor-element elementor-element-4d11355 mobile-left\" data-id=\"4d11355\" data-element_type=\"column\">\n\t\t\t<div class=\"elementor-column-wrap elementor-element-populated\">\n\t\t\t\t\t\t\t<div class=\"elementor-widget-wrap\">\n\t\t\t\t\t\t<div class=\"elementor-element elementor-element-a21dad0 elementor-widget elementor-widget-image\" data-id=\"a21dad0\" data-element_type=\"widget\" data-widget_type=\"image.default\">\n\t\t\t\t<div class=\"elementor-widget-container\">\n\t\t\t\t\t\t\t\t<div class=\"elementor-image\">\n\t\t\t\t\t\t\t\t\t\t\t\t<img loading=\"lazy\" decoding=\"async\" width=\"643\" height=\"482\" src=\"https:\/\/www.easyjointsystem.com\/wp-content\/uploads\/2023\/05\/Immagine23.jpg\" class=\"attachment-large size-large wp-image-19233\" alt=\"\" srcset=\"https:\/\/www.easyjointsystem.com\/wp-content\/uploads\/2023\/05\/Immagine23.jpg 643w, https:\/\/www.easyjointsystem.com\/wp-content\/uploads\/2023\/05\/Immagine23-300x225.jpg 300w, https:\/\/www.easyjointsystem.com\/wp-content\/uploads\/2023\/05\/Immagine23-640x479.jpg 640w, https:\/\/www.easyjointsystem.com\/wp-content\/uploads\/2023\/05\/Immagine23-480x359.jpg 480w, https:\/\/www.easyjointsystem.com\/wp-content\/uploads\/2023\/05\/Immagine23-384x287.jpg 384w, https:\/\/www.easyjointsystem.com\/wp-content\/uploads\/2023\/05\/Immagine23-320x239.jpg 320w, https:\/\/www.easyjointsystem.com\/wp-content\/uploads\/2023\/05\/Immagine23-600x450.jpg 600w\" sizes=\"auto, (max-width: 643px) 100vw, 643px\" \/>\t\t\t\t\t\t\t\t\t\t\t\t\t\t<\/div>\n\t\t\t\t\t\t<\/div>\n\t\t\t\t<\/div>\n\t\t\t\t<div class=\"elementor-element elementor-element-b40fc8f elementor-widget elementor-widget-image\" data-id=\"b40fc8f\" data-element_type=\"widget\" data-widget_type=\"image.default\">\n\t\t\t\t<div class=\"elementor-widget-container\">\n\t\t\t\t\t\t\t\t<div class=\"elementor-image\">\n\t\t\t\t\t\t\t\t\t\t\t\t<img loading=\"lazy\" decoding=\"async\" width=\"1024\" height=\"768\" src=\"https:\/\/www.easyjointsystem.com\/wp-content\/uploads\/2023\/05\/unnamed-1024x768.jpg\" class=\"attachment-large size-large wp-image-19240\" alt=\"\" srcset=\"https:\/\/www.easyjointsystem.com\/wp-content\/uploads\/2023\/05\/unnamed-1024x768.jpg 1024w, https:\/\/www.easyjointsystem.com\/wp-content\/uploads\/2023\/05\/unnamed-300x225.jpg 300w, https:\/\/www.easyjointsystem.com\/wp-content\/uploads\/2023\/05\/unnamed-768x576.jpg 768w, https:\/\/www.easyjointsystem.com\/wp-content\/uploads\/2023\/05\/unnamed-1280x960.jpg 1280w, https:\/\/www.easyjointsystem.com\/wp-content\/uploads\/2023\/05\/unnamed-960x720.jpg 960w, https:\/\/www.easyjointsystem.com\/wp-content\/uploads\/2023\/05\/unnamed-640x479.jpg 640w, https:\/\/www.easyjointsystem.com\/wp-content\/uploads\/2023\/05\/unnamed-480x359.jpg 480w, https:\/\/www.easyjointsystem.com\/wp-content\/uploads\/2023\/05\/unnamed-384x287.jpg 384w, https:\/\/www.easyjointsystem.com\/wp-content\/uploads\/2023\/05\/unnamed-320x239.jpg 320w, https:\/\/www.easyjointsystem.com\/wp-content\/uploads\/2023\/05\/unnamed-600x450.jpg 600w, https:\/\/www.easyjointsystem.com\/wp-content\/uploads\/2023\/05\/unnamed.jpg 1316w\" sizes=\"auto, (max-width: 1024px) 100vw, 1024px\" \/>\t\t\t\t\t\t\t\t\t\t\t\t\t\t<\/div>\n\t\t\t\t\t\t<\/div>\n\t\t\t\t<\/div>\n\t\t\t\t\t\t<\/div>\n\t\t\t\t\t<\/div>\n\t\t<\/div>\n\t\t\t\t<div class=\"elementor-column elementor-col-50 elementor-inner-column elementor-element elementor-element-14e0b78 mobile-right\" data-id=\"14e0b78\" data-element_type=\"column\">\n\t\t\t<div class=\"elementor-column-wrap elementor-element-populated\">\n\t\t\t\t\t\t\t<div class=\"elementor-widget-wrap\">\n\t\t\t\t\t\t<div class=\"elementor-element elementor-element-f5439b3 elementor-widget elementor-widget-industrium_heading\" data-id=\"f5439b3\" data-element_type=\"widget\" data-widget_type=\"industrium_heading.default\">\n\t\t\t\t<div class=\"elementor-widget-container\">\n\t\t\t<div class=\"industrium-heading-widget\"><h2 class=\"industrium-heading\"><span class=\"industrium-heading-content\">La l\u00ednea Easy Joint<\/span><\/h2><\/div>\t\t<\/div>\n\t\t\t\t<\/div>\n\t\t\t\t<div class=\"elementor-element elementor-element-41268db elementor-widget elementor-widget-text-editor\" data-id=\"41268db\" data-element_type=\"widget\" data-widget_type=\"text-editor.default\">\n\t\t\t\t<div class=\"elementor-widget-container\">\n\t\t\t\t\t\t\t\t<div class=\"elementor-text-editor elementor-clearfix\">\n\t\t\t\t<p><span style=\"font-weight: 400;\">Los conductos de ventilaci\u00f3n Easy Joint est\u00e1n dise\u00f1ados y fabricados para proporcionar el m\u00e1ximo rendimiento en la ventilaci\u00f3n de t\u00faneles y galer\u00edas. Disponemos de una amplia gama de soluciones para cualquier tipo de obra y cualquier elemento de uni\u00f3n necesario para la distribuci\u00f3n del flujo de aire dentro del proyecto. Todos nuestros productos est\u00e1n fabricados con materiales de primera calidad y se distinguen por su dise\u00f1o funcional. Adem\u00e1s, el corte de componentes especiales, realizado seg\u00fan dise\u00f1o CAD y cortes de pl\u00f3ter, reduce al m\u00ednimo las turbulencias y las p\u00e9rdidas de presi\u00f3n en la distribuci\u00f3n.<\/span><\/p><p>La amplia gama de di\u00e1metros y sistemas de uni\u00f3n disponibles es una de las caracterist\u00edcas distintivas de nuestros conductos de ventilaci\u00f3n.\u00a0<\/p><p><span style=\"font-weight: 400;\">El tejido de poli\u00e9ster recubierto de PVC utilizado es de calidad superior, con una excelente resistencia y durabilidad:<\/span><\/p><p>Est\u00e1ndar:<br \/>G&amp;G 600 g\/m\u00b2<br \/>G&amp;G 650 g\/m\u00b2<br \/>G&amp;G 850 g\/m\u00b2<\/p><p>Antiest\u00e1tico:<br \/>G&amp;G 650AA g\/m\u00b2<br \/>G&amp;G 850AA g\/m\u00b2<\/p>\t\t\t\t\t<\/div>\n\t\t\t\t\t\t<\/div>\n\t\t\t\t<\/div>\n\t\t\t\t<div class=\"elementor-element elementor-element-79ed807 elementor-widget elementor-widget-text-editor\" data-id=\"79ed807\" data-element_type=\"widget\" data-widget_type=\"text-editor.default\">\n\t\t\t\t<div class=\"elementor-widget-container\">\n\t\t\t\t\t\t\t\t<div class=\"elementor-text-editor elementor-clearfix\">\n\t\t\t\t<p>La producci\u00f3n est\u00e1 constantemente bajo control en todas las fases, lo que garantiza un producto final fiable y de primera calidad.\u00a0<\/p><p class=\" translation-block\">La capacidad de producci\u00f3n de nuestras plantas nos permite fabricar hasta 500 metros de conductos por hora, con di\u00e1metros entre 300 y 3.200 mm en medidas est\u00e1ndar de 20\/25\/50\/100\/150 m, asegurando plazos de entrega r\u00e1pidos y flexibilidad a la hora de cambiar los par\u00e1metros de producci\u00f3n.<\/p><p><strong>Easy Joint significa elegir calidad y fiabilidad para sus proyectos de ventilaci\u00f3n.<\/strong><\/p><p>\u00a0<\/p><p>\u00a0<\/p>\t\t\t\t\t<\/div>\n\t\t\t\t\t\t<\/div>\n\t\t\t\t<\/div>\n\t\t\t\t\t\t<\/div>\n\t\t\t\t\t<\/div>\n\t\t<\/div>\n\t\t\t\t\t\t\t\t<\/div>\n\t\t\t\t\t<\/div>\n\t\t<\/section>\n\t\t\t\t\t\t<\/div>\n\t\t\t\t\t<\/div>\n\t\t<\/div>\n\t\t\t\t\t\t\t\t<\/div>\n\t\t\t\t\t<\/div>\n\t\t<\/section>\n\t\t\t\t\t\t\t\t\t<\/div>\n\t\t\t<\/div>\n\t\t\t\t\t<\/div>","protected":false},"excerpt":{"rendered":"<p>Le condotte di ventilazione Easy Joint sono progettate e realizzate per garantire la massima resa nell\u2019areazione di gallerie e tunnel. Offriamo una vasta gamma di soluzioni per ogni tipo di cantiere e qualsiasi elemento di raccordo necessario per la distribuzione del&#8230;<\/p>","protected":false},"author":1,"featured_media":0,"parent":0,"menu_order":0,"comment_status":"closed","ping_status":"closed","template":"","meta":{"footnotes":""},"class_list":["post-34","page","type-page","status-publish","hentry"],"yoast_head":"<!-- This site is optimized with the Yoast SEO plugin v26.6 - https:\/\/yoast.com\/wordpress\/plugins\/seo\/ -->\n<title>Condotte di ventilazione - Easy Joint<\/title>\n<meta name=\"robots\" content=\"index, follow, max-snippet:-1, max-image-preview:large, max-video-preview:-1\" \/>\n<link rel=\"canonical\" href=\"https:\/\/www.easyjointsystem.com\/es\/condotte-di-ventilazione\/\" \/>\n<meta property=\"og:locale\" content=\"es_ES\" \/>\n<meta property=\"og:type\" content=\"article\" \/>\n<meta property=\"og:title\" content=\"Condotte di ventilazione - Easy Joint\" \/>\n<meta property=\"og:description\" content=\"Le condotte di ventilazione Easy Joint sono progettate e realizzate per garantire la massima resa nell\u2019areazione di gallerie e tunnel. Offriamo una vasta gamma di soluzioni per ogni tipo di cantiere e qualsiasi elemento di raccordo necessario per la distribuzione del...\" \/>\n<meta property=\"og:url\" content=\"https:\/\/www.easyjointsystem.com\/es\/condotte-di-ventilazione\/\" \/>\n<meta property=\"og:site_name\" content=\"Easy Joint\" \/>\n<meta property=\"article:modified_time\" content=\"2023-09-22T16:34:10+00:00\" \/>\n<meta property=\"og:image\" content=\"https:\/\/www.easyjointsystem.com\/wp-content\/uploads\/2023\/05\/Immagine23.jpg\" \/>\n\t<meta property=\"og:image:width\" content=\"643\" \/>\n\t<meta property=\"og:image:height\" content=\"482\" \/>\n\t<meta property=\"og:image:type\" content=\"image\/jpeg\" \/>\n<meta name=\"twitter:card\" content=\"summary_large_image\" \/>\n<meta name=\"twitter:label1\" content=\"Tiempo de lectura\" \/>\n\t<meta name=\"twitter:data1\" content=\"1 minuto\" \/>\n<script type=\"application\/ld+json\" class=\"yoast-schema-graph\">{\"@context\":\"https:\/\/schema.org\",\"@graph\":[{\"@type\":\"WebPage\",\"@id\":\"https:\/\/www.easyjointsystem.com\/condotte-di-ventilazione\/\",\"url\":\"https:\/\/www.easyjointsystem.com\/condotte-di-ventilazione\/\",\"name\":\"Condotte di ventilazione - Easy Joint\",\"isPartOf\":{\"@id\":\"https:\/\/www.easyjointsystem.com\/#website\"},\"primaryImageOfPage\":{\"@id\":\"https:\/\/www.easyjointsystem.com\/condotte-di-ventilazione\/#primaryimage\"},\"image\":{\"@id\":\"https:\/\/www.easyjointsystem.com\/condotte-di-ventilazione\/#primaryimage\"},\"thumbnailUrl\":\"https:\/\/www.easyjointsystem.com\/wp-content\/uploads\/2023\/05\/Immagine23.jpg\",\"datePublished\":\"2022-02-16T08:01:47+00:00\",\"dateModified\":\"2023-09-22T16:34:10+00:00\",\"breadcrumb\":{\"@id\":\"https:\/\/www.easyjointsystem.com\/condotte-di-ventilazione\/#breadcrumb\"},\"inLanguage\":\"es\",\"potentialAction\":[{\"@type\":\"ReadAction\",\"target\":[\"https:\/\/www.easyjointsystem.com\/condotte-di-ventilazione\/\"]}]},{\"@type\":\"ImageObject\",\"inLanguage\":\"es\",\"@id\":\"https:\/\/www.easyjointsystem.com\/condotte-di-ventilazione\/#primaryimage\",\"url\":\"https:\/\/www.easyjointsystem.com\/wp-content\/uploads\/2023\/05\/Immagine23.jpg\",\"contentUrl\":\"https:\/\/www.easyjointsystem.com\/wp-content\/uploads\/2023\/05\/Immagine23.jpg\"},{\"@type\":\"BreadcrumbList\",\"@id\":\"https:\/\/www.easyjointsystem.com\/condotte-di-ventilazione\/#breadcrumb\",\"itemListElement\":[{\"@type\":\"ListItem\",\"position\":1,\"name\":\"Home\",\"item\":\"https:\/\/www.easyjointsystem.com\/\"},{\"@type\":\"ListItem\",\"position\":2,\"name\":\"Condotte di ventilazione\"}]},{\"@type\":\"WebSite\",\"@id\":\"https:\/\/www.easyjointsystem.com\/#website\",\"url\":\"https:\/\/www.easyjointsystem.com\/\",\"name\":\"Easy Joint\",\"description\":\"G&amp;G Partners\",\"publisher\":{\"@id\":\"https:\/\/www.easyjointsystem.com\/#organization\"},\"potentialAction\":[{\"@type\":\"SearchAction\",\"target\":{\"@type\":\"EntryPoint\",\"urlTemplate\":\"https:\/\/www.easyjointsystem.com\/?s={search_term_string}\"},\"query-input\":{\"@type\":\"PropertyValueSpecification\",\"valueRequired\":true,\"valueName\":\"search_term_string\"}}],\"inLanguage\":\"es\"},{\"@type\":\"Organization\",\"@id\":\"https:\/\/www.easyjointsystem.com\/#organization\",\"name\":\"Easy Joint\",\"url\":\"https:\/\/www.easyjointsystem.com\/\",\"logo\":{\"@type\":\"ImageObject\",\"inLanguage\":\"es\",\"@id\":\"https:\/\/www.easyjointsystem.com\/#\/schema\/logo\/image\/\",\"url\":\"https:\/\/www.easyjointsystem.com\/wp-content\/uploads\/2023\/03\/Logo-gg-1.png\",\"contentUrl\":\"https:\/\/www.easyjointsystem.com\/wp-content\/uploads\/2023\/03\/Logo-gg-1.png\",\"width\":992,\"height\":523,\"caption\":\"Easy Joint\"},\"image\":{\"@id\":\"https:\/\/www.easyjointsystem.com\/#\/schema\/logo\/image\/\"}}]}<\/script>\n<!-- \/ Yoast SEO plugin. -->","yoast_head_json":{"title":"Condotte di ventilazione - Easy Joint","robots":{"index":"index","follow":"follow","max-snippet":"max-snippet:-1","max-image-preview":"max-image-preview:large","max-video-preview":"max-video-preview:-1"},"canonical":"https:\/\/www.easyjointsystem.com\/es\/condotte-di-ventilazione\/","og_locale":"es_ES","og_type":"article","og_title":"Condotte di ventilazione - Easy Joint","og_description":"Le condotte di ventilazione Easy Joint sono progettate e realizzate per garantire la massima resa nell\u2019areazione di gallerie e tunnel. Offriamo una vasta gamma di soluzioni per ogni tipo di cantiere e qualsiasi elemento di raccordo necessario per la distribuzione del...","og_url":"https:\/\/www.easyjointsystem.com\/es\/condotte-di-ventilazione\/","og_site_name":"Easy Joint","article_modified_time":"2023-09-22T16:34:10+00:00","og_image":[{"width":643,"height":482,"url":"https:\/\/www.easyjointsystem.com\/wp-content\/uploads\/2023\/05\/Immagine23.jpg","type":"image\/jpeg"}],"twitter_card":"summary_large_image","twitter_misc":{"Tiempo de lectura":"1 minuto"},"schema":{"@context":"https:\/\/schema.org","@graph":[{"@type":"WebPage","@id":"https:\/\/www.easyjointsystem.com\/condotte-di-ventilazione\/","url":"https:\/\/www.easyjointsystem.com\/condotte-di-ventilazione\/","name":"Condotte di ventilazione - Easy Joint","isPartOf":{"@id":"https:\/\/www.easyjointsystem.com\/#website"},"primaryImageOfPage":{"@id":"https:\/\/www.easyjointsystem.com\/condotte-di-ventilazione\/#primaryimage"},"image":{"@id":"https:\/\/www.easyjointsystem.com\/condotte-di-ventilazione\/#primaryimage"},"thumbnailUrl":"https:\/\/www.easyjointsystem.com\/wp-content\/uploads\/2023\/05\/Immagine23.jpg","datePublished":"2022-02-16T08:01:47+00:00","dateModified":"2023-09-22T16:34:10+00:00","breadcrumb":{"@id":"https:\/\/www.easyjointsystem.com\/condotte-di-ventilazione\/#breadcrumb"},"inLanguage":"es","potentialAction":[{"@type":"ReadAction","target":["https:\/\/www.easyjointsystem.com\/condotte-di-ventilazione\/"]}]},{"@type":"ImageObject","inLanguage":"es","@id":"https:\/\/www.easyjointsystem.com\/condotte-di-ventilazione\/#primaryimage","url":"https:\/\/www.easyjointsystem.com\/wp-content\/uploads\/2023\/05\/Immagine23.jpg","contentUrl":"https:\/\/www.easyjointsystem.com\/wp-content\/uploads\/2023\/05\/Immagine23.jpg"},{"@type":"BreadcrumbList","@id":"https:\/\/www.easyjointsystem.com\/condotte-di-ventilazione\/#breadcrumb","itemListElement":[{"@type":"ListItem","position":1,"name":"Home","item":"https:\/\/www.easyjointsystem.com\/"},{"@type":"ListItem","position":2,"name":"Condotte di ventilazione"}]},{"@type":"WebSite","@id":"https:\/\/www.easyjointsystem.com\/#website","url":"https:\/\/www.easyjointsystem.com\/","name":"Easy Joint","description":"G&amp;G Partners","publisher":{"@id":"https:\/\/www.easyjointsystem.com\/#organization"},"potentialAction":[{"@type":"SearchAction","target":{"@type":"EntryPoint","urlTemplate":"https:\/\/www.easyjointsystem.com\/?s={search_term_string}"},"query-input":{"@type":"PropertyValueSpecification","valueRequired":true,"valueName":"search_term_string"}}],"inLanguage":"es"},{"@type":"Organization","@id":"https:\/\/www.easyjointsystem.com\/#organization","name":"Easy Joint","url":"https:\/\/www.easyjointsystem.com\/","logo":{"@type":"ImageObject","inLanguage":"es","@id":"https:\/\/www.easyjointsystem.com\/#\/schema\/logo\/image\/","url":"https:\/\/www.easyjointsystem.com\/wp-content\/uploads\/2023\/03\/Logo-gg-1.png","contentUrl":"https:\/\/www.easyjointsystem.com\/wp-content\/uploads\/2023\/03\/Logo-gg-1.png","width":992,"height":523,"caption":"Easy Joint"},"image":{"@id":"https:\/\/www.easyjointsystem.com\/#\/schema\/logo\/image\/"}}]}},"_links":{"self":[{"href":"https:\/\/www.easyjointsystem.com\/es\/wp-json\/wp\/v2\/pages\/34","targetHints":{"allow":["GET"]}}],"collection":[{"href":"https:\/\/www.easyjointsystem.com\/es\/wp-json\/wp\/v2\/pages"}],"about":[{"href":"https:\/\/www.easyjointsystem.com\/es\/wp-json\/wp\/v2\/types\/page"}],"author":[{"embeddable":true,"href":"https:\/\/www.easyjointsystem.com\/es\/wp-json\/wp\/v2\/users\/1"}],"replies":[{"embeddable":true,"href":"https:\/\/www.easyjointsystem.com\/es\/wp-json\/wp\/v2\/comments?post=34"}],"version-history":[{"count":420,"href":"https:\/\/www.easyjointsystem.com\/es\/wp-json\/wp\/v2\/pages\/34\/revisions"}],"predecessor-version":[{"id":19550,"href":"https:\/\/www.easyjointsystem.com\/es\/wp-json\/wp\/v2\/pages\/34\/revisions\/19550"}],"wp:attachment":[{"href":"https:\/\/www.easyjointsystem.com\/es\/wp-json\/wp\/v2\/media?parent=34"}],"curies":[{"name":"wp","href":"https:\/\/api.w.org\/{rel}","templated":true}]}}