{"id":16430,"date":"2023-03-15T09:35:51","date_gmt":"2023-03-15T09:35:51","guid":{"rendered":"https:\/\/www.easyjointsystem.com\/?page_id=16430"},"modified":"2023-05-11T15:14:57","modified_gmt":"2023-05-11T15:14:57","slug":"news","status":"publish","type":"page","link":"https:\/\/www.easyjointsystem.com\/es\/news\/","title":{"rendered":"Noticias"},"content":{"rendered":"<div data-elementor-type=\"wp-page\" data-elementor-id=\"16430\" class=\"elementor elementor-16430\">\n\t\t\t\t\t\t<div class=\"elementor-inner\">\n\t\t\t\t<div class=\"elementor-section-wrap\">\n\t\t\t\t\t\t\t\t\t<section class=\"elementor-section elementor-top-section elementor-element elementor-element-53034d1a elementor-section-full_width elementor-section-stretched elementor-section-height-default elementor-section-height-default\" data-id=\"53034d1a\" data-element_type=\"section\" data-settings=\"{&quot;stretch_section&quot;:&quot;section-stretched&quot;,&quot;background_background&quot;:&quot;classic&quot;}\">\n\t\t\t\t\t\t<div class=\"elementor-container elementor-column-gap-no\">\n\t\t\t\t\t\t\t<div class=\"elementor-row\">\n\t\t\t\t\t<div class=\"elementor-column elementor-col-100 elementor-top-column elementor-element elementor-element-25b71ced\" data-id=\"25b71ced\" data-element_type=\"column\">\n\t\t\t<div class=\"elementor-column-wrap elementor-element-populated\">\n\t\t\t\t\t\t\t<div class=\"elementor-widget-wrap\">\n\t\t\t\t\t\t<div class=\"elementor-element elementor-element-2e5cb120 elementor-widget__width-initial elementor-absolute elementor-hidden-laptop elementor-hidden-tablet_extra elementor-hidden-tablet elementor-hidden-mobile_extra elementor-hidden-mobile elementor-widget elementor-widget-text-editor\" data-id=\"2e5cb120\" data-element_type=\"widget\" data-settings=\"{&quot;_position&quot;:&quot;absolute&quot;}\" data-widget_type=\"text-editor.default\">\n\t\t\t\t<div class=\"elementor-widget-container\">\n\t\t\t\t\t\t\t\t<div class=\"elementor-text-editor elementor-clearfix\">\n\t\t\t\t\t\t\t\t\t<\/div>\n\t\t\t\t\t\t<\/div>\n\t\t\t\t<\/div>\n\t\t\t\t<div class=\"elementor-element elementor-element-5d6e8761 elementor-absolute elementor-hidden-laptop elementor-hidden-tablet_extra elementor-hidden-tablet elementor-hidden-mobile_extra elementor-hidden-mobile decoration-type-1 elementor-widget elementor-widget-industrium_decoration\" data-id=\"5d6e8761\" data-element_type=\"widget\" data-settings=\"{&quot;_position&quot;:&quot;absolute&quot;}\" data-widget_type=\"industrium_decoration.default\">\n\t\t\t\t<div class=\"elementor-widget-container\">\n\t\t\t        <div class=\"decoration-widget\">\n            <div class=\"decoration-container\">\n                <div class=\"industrium-decoration\">\n                    <div><\/div><div><\/div><div><\/div>\n                <\/div>\n            <\/div>\n        <\/div>\n        \t\t<\/div>\n\t\t\t\t<\/div>\n\t\t\t\t<section class=\"elementor-section elementor-inner-section elementor-element elementor-element-45919f64 elementor-section-boxed elementor-section-height-default elementor-section-height-default\" data-id=\"45919f64\" data-element_type=\"section\">\n\t\t\t\t\t\t<div class=\"elementor-container elementor-column-gap-wide\">\n\t\t\t\t\t\t\t<div class=\"elementor-row\">\n\t\t\t\t\t<div class=\"elementor-column elementor-col-50 elementor-inner-column elementor-element elementor-element-c74aee0\" data-id=\"c74aee0\" data-element_type=\"column\">\n\t\t\t<div class=\"elementor-column-wrap elementor-element-populated\">\n\t\t\t\t\t\t\t<div class=\"elementor-widget-wrap\">\n\t\t\t\t\t\t<div class=\"elementor-element elementor-element-43c72a2f elementor-widget elementor-widget-industrium_heading\" data-id=\"43c72a2f\" data-element_type=\"widget\" data-widget_type=\"industrium_heading.default\">\n\t\t\t\t<div class=\"elementor-widget-container\">\n\t\t\t<div class=\"industrium-heading-widget\"><h2 class=\"industrium-heading\"><span class=\"industrium-subheading\">G&amp;G Partners<\/span><span class=\"industrium-heading-content\">Noticias<\/span><\/h2><\/div>\t\t<\/div>\n\t\t\t\t<\/div>\n\t\t\t\t\t\t<\/div>\n\t\t\t\t\t<\/div>\n\t\t<\/div>\n\t\t\t\t<div class=\"elementor-column elementor-col-50 elementor-inner-column elementor-element elementor-element-5455a512\" data-id=\"5455a512\" data-element_type=\"column\">\n\t\t\t<div class=\"elementor-column-wrap elementor-element-populated\">\n\t\t\t\t\t\t\t<div class=\"elementor-widget-wrap\">\n\t\t\t\t\t\t<div class=\"elementor-element elementor-element-8197d81 elementor-widget elementor-widget-text-editor\" data-id=\"8197d81\" data-element_type=\"widget\" data-widget_type=\"text-editor.default\">\n\t\t\t\t<div class=\"elementor-widget-container\">\n\t\t\t\t\t\t\t\t<div class=\"elementor-text-editor elementor-clearfix\">\n\t\t\t\t<p>Mant\u00e9ngase al d\u00eda con las \u00faltimas noticias del sector. Siga nuestra p\u00e1gina de noticias para conocer las \u00faltimas tendencias, las nuevas tecnolog\u00edas y las soluciones m\u00e1s innovadoras.<\/p>\t\t\t\t\t<\/div>\n\t\t\t\t\t\t<\/div>\n\t\t\t\t<\/div>\n\t\t\t\t\t\t<\/div>\n\t\t\t\t\t<\/div>\n\t\t<\/div>\n\t\t\t\t\t\t\t\t<\/div>\n\t\t\t\t\t<\/div>\n\t\t<\/section>\n\t\t\t\t\t\t<\/div>\n\t\t\t\t\t<\/div>\n\t\t<\/div>\n\t\t\t\t\t\t\t\t<\/div>\n\t\t\t\t\t<\/div>\n\t\t<\/section>\n\t\t\t\t<section class=\"elementor-section elementor-top-section elementor-element elementor-element-baf1f34 news-block elementor-section-boxed elementor-section-height-default elementor-section-height-default\" data-id=\"baf1f34\" data-element_type=\"section\">\n\t\t\t\t\t\t<div class=\"elementor-container elementor-column-gap-default\">\n\t\t\t\t\t\t\t<div class=\"elementor-row\">\n\t\t\t\t\t<div class=\"elementor-column elementor-col-100 elementor-top-column elementor-element elementor-element-a2e00ca\" data-id=\"a2e00ca\" data-element_type=\"column\">\n\t\t\t<div class=\"elementor-column-wrap elementor-element-populated\">\n\t\t\t\t\t\t\t<div class=\"elementor-widget-wrap\">\n\t\t\t\t\t\t<div class=\"elementor-element elementor-element-00ec5a3 elementor-widget elementor-widget-industrium_blog_listing\" data-id=\"00ec5a3\" data-element_type=\"widget\" data-widget_type=\"industrium_blog_listing.default\">\n\t\t\t\t<div class=\"elementor-widget-container\">\n\t\t\t\n        <div class=\"archive-listing\" data-ajax='{&quot;post_type&quot;:&quot;post&quot;,&quot;posts_per_page&quot;:12,&quot;orderby&quot;:&quot;date&quot;,&quot;order&quot;:&quot;desc&quot;,&quot;paged&quot;:1,&quot;category_name&quot;:&quot;&quot;,&quot;tag&quot;:&quot;&quot;,&quot;post__in&quot;:&quot;&quot;,&quot;ignore_sticky_posts&quot;:false,&quot;link_base&quot;:&quot;https:\\\/\\\/www.easyjointsystem.com\\\/es\\\/wp-json\\\/wp\\\/v2\\\/pages\\\/16430&quot;}' data-widget='{&quot;excerpt_length&quot;:319,&quot;show_cat&quot;:&quot;yes&quot;,&quot;show_media&quot;:&quot;yes&quot;,&quot;show_author&quot;:&quot;&quot;,&quot;show_date&quot;:&quot;&quot;,&quot;show_title&quot;:&quot;yes&quot;,&quot;show_tags&quot;:&quot;&quot;,&quot;show_excerpt&quot;:&quot;&quot;,&quot;show_read_more&quot;:&quot;&quot;,&quot;read_more_text&quot;:&quot;Explore More&quot;,&quot;item_class&quot;:&quot;post grid-item grid-blog-item-wrapper&quot;,&quot;columns_number&quot;:4,&quot;listing_type&quot;:&quot;grid&quot;}'>\n            <div class=\"archive-listing-wrapper grid-listing columns-4\">\n                \n<div class=\"standard-blog-item-wrapper post grid-item grid-blog-item-wrapper post-663 type-post status-publish format-standard has-post-thumbnail hentry category-tubi-di-ventilazione\">\n    <div class=\"blog-item\">\n        <div class=\"post-media-wrapper\"><a href=\"https:\/\/www.easyjointsystem.com\/es\/fornitura-tubi-ventilazione-easy-joint\/\"><picture><source media=\"(max-width: 575px)\" sizes=\"(max-width: 535px) 535px\" srcset=\"https:\/\/www.easyjointsystem.com\/wp-content\/uploads\/2023\/05\/Immagine1-640x386.jpg 535w\"><source media=\"(max-width: 991px)\" sizes=\"(max-width: 951px) 951px\" srcset=\"https:\/\/www.easyjointsystem.com\/wp-content\/uploads\/2023\/05\/Immagine1-480x386.jpg 951w\"><img decoding=\"async\" alt=\"Immagine1\" title=\"Immagine1\" src=\"https:\/\/www.easyjointsystem.com\/wp-content\/uploads\/2023\/05\/Immagine1-480x386.jpg\" class=\"attachment-industrium_post_grid_4_columns size-industrium_post_grid_4_columns wp-post-image\" \/><\/picture><\/a><\/div><div class=\"post-labels\"><div class=\"post-categories\"><a class=\"post-category-item\" href=\"https:\/\/www.easyjointsystem.com\/es\/category\/tubi-di-ventilazione\/\">Tuber\u00edas de ventilaci\u00f3n<\/a><\/div><\/div><h5 class=\"post-title\"><a href=\"https:\/\/www.easyjointsystem.com\/es\/fornitura-tubi-ventilazione-easy-joint\/\">Una muestra de excelencia en el suministro de tuber\u00edas de ventilaci\u00f3n Easy Joint<\/a><\/h5>    <\/div>\n<\/div>            <\/div>\n\n                    <\/div>\n        \t\t<\/div>\n\t\t\t\t<\/div>\n\t\t\t\t\t\t<\/div>\n\t\t\t\t\t<\/div>\n\t\t<\/div>\n\t\t\t\t\t\t\t\t<\/div>\n\t\t\t\t\t<\/div>\n\t\t<\/section>\n\t\t\t\t\t\t\t\t\t<\/div>\n\t\t\t<\/div>\n\t\t\t\t\t<\/div>","protected":false},"excerpt":{"rendered":"<p>Mant\u00e9ngase al d\u00eda con las \u00faltimas noticias del sector. Siga nuestra p\u00e1gina de noticias para conocer las \u00faltimas tendencias, las nuevas tecnolog\u00edas y las soluciones m\u00e1s innovadoras.<\/p>","protected":false},"author":1,"featured_media":0,"parent":0,"menu_order":0,"comment_status":"closed","ping_status":"closed","template":"","meta":{"footnotes":""},"class_list":["post-16430","page","type-page","status-publish","hentry"],"yoast_head":"<!-- This site is optimized with the Yoast SEO plugin v26.6 - https:\/\/yoast.com\/wordpress\/plugins\/seo\/ -->\n<title>News - Easy Joint<\/title>\n<meta name=\"robots\" content=\"index, follow, max-snippet:-1, max-image-preview:large, max-video-preview:-1\" \/>\n<link rel=\"canonical\" href=\"https:\/\/www.easyjointsystem.com\/es\/news\/\" \/>\n<meta property=\"og:locale\" content=\"es_ES\" \/>\n<meta property=\"og:type\" content=\"article\" \/>\n<meta property=\"og:title\" content=\"News - Easy Joint\" \/>\n<meta property=\"og:description\" content=\"Resta sempre aggiornato sulle ultime novit\u00e0 del settore. Segui la nostra pagina News per scoprire le ultime tendenze, le nuove tecnologie e gli approfondimenti sulle soluzioni pi\u00f9 innovative.\" \/>\n<meta property=\"og:url\" content=\"https:\/\/www.easyjointsystem.com\/es\/news\/\" \/>\n<meta property=\"og:site_name\" content=\"Easy Joint\" \/>\n<meta property=\"article:modified_time\" content=\"2023-05-11T15:14:57+00:00\" \/>\n<meta name=\"twitter:card\" content=\"summary_large_image\" \/>\n<script type=\"application\/ld+json\" class=\"yoast-schema-graph\">{\"@context\":\"https:\/\/schema.org\",\"@graph\":[{\"@type\":\"WebPage\",\"@id\":\"https:\/\/www.easyjointsystem.com\/news\/\",\"url\":\"https:\/\/www.easyjointsystem.com\/news\/\",\"name\":\"News - Easy Joint\",\"isPartOf\":{\"@id\":\"https:\/\/www.easyjointsystem.com\/#website\"},\"datePublished\":\"2023-03-15T09:35:51+00:00\",\"dateModified\":\"2023-05-11T15:14:57+00:00\",\"breadcrumb\":{\"@id\":\"https:\/\/www.easyjointsystem.com\/news\/#breadcrumb\"},\"inLanguage\":\"es\",\"potentialAction\":[{\"@type\":\"ReadAction\",\"target\":[\"https:\/\/www.easyjointsystem.com\/news\/\"]}]},{\"@type\":\"BreadcrumbList\",\"@id\":\"https:\/\/www.easyjointsystem.com\/news\/#breadcrumb\",\"itemListElement\":[{\"@type\":\"ListItem\",\"position\":1,\"name\":\"Home\",\"item\":\"https:\/\/www.easyjointsystem.com\/\"},{\"@type\":\"ListItem\",\"position\":2,\"name\":\"News\"}]},{\"@type\":\"WebSite\",\"@id\":\"https:\/\/www.easyjointsystem.com\/#website\",\"url\":\"https:\/\/www.easyjointsystem.com\/\",\"name\":\"Easy Joint\",\"description\":\"G&amp;G Partners\",\"publisher\":{\"@id\":\"https:\/\/www.easyjointsystem.com\/#organization\"},\"potentialAction\":[{\"@type\":\"SearchAction\",\"target\":{\"@type\":\"EntryPoint\",\"urlTemplate\":\"https:\/\/www.easyjointsystem.com\/?s={search_term_string}\"},\"query-input\":{\"@type\":\"PropertyValueSpecification\",\"valueRequired\":true,\"valueName\":\"search_term_string\"}}],\"inLanguage\":\"es\"},{\"@type\":\"Organization\",\"@id\":\"https:\/\/www.easyjointsystem.com\/#organization\",\"name\":\"Easy Joint\",\"url\":\"https:\/\/www.easyjointsystem.com\/\",\"logo\":{\"@type\":\"ImageObject\",\"inLanguage\":\"es\",\"@id\":\"https:\/\/www.easyjointsystem.com\/#\/schema\/logo\/image\/\",\"url\":\"https:\/\/www.easyjointsystem.com\/wp-content\/uploads\/2023\/03\/Logo-gg-1.png\",\"contentUrl\":\"https:\/\/www.easyjointsystem.com\/wp-content\/uploads\/2023\/03\/Logo-gg-1.png\",\"width\":992,\"height\":523,\"caption\":\"Easy Joint\"},\"image\":{\"@id\":\"https:\/\/www.easyjointsystem.com\/#\/schema\/logo\/image\/\"}}]}<\/script>\n<!-- \/ Yoast SEO plugin. -->","yoast_head_json":{"title":"News - Easy Joint","robots":{"index":"index","follow":"follow","max-snippet":"max-snippet:-1","max-image-preview":"max-image-preview:large","max-video-preview":"max-video-preview:-1"},"canonical":"https:\/\/www.easyjointsystem.com\/es\/news\/","og_locale":"es_ES","og_type":"article","og_title":"News - Easy Joint","og_description":"Resta sempre aggiornato sulle ultime novit\u00e0 del settore. Segui la nostra pagina News per scoprire le ultime tendenze, le nuove tecnologie e gli approfondimenti sulle soluzioni pi\u00f9 innovative.","og_url":"https:\/\/www.easyjointsystem.com\/es\/news\/","og_site_name":"Easy Joint","article_modified_time":"2023-05-11T15:14:57+00:00","twitter_card":"summary_large_image","schema":{"@context":"https:\/\/schema.org","@graph":[{"@type":"WebPage","@id":"https:\/\/www.easyjointsystem.com\/news\/","url":"https:\/\/www.easyjointsystem.com\/news\/","name":"News - Easy Joint","isPartOf":{"@id":"https:\/\/www.easyjointsystem.com\/#website"},"datePublished":"2023-03-15T09:35:51+00:00","dateModified":"2023-05-11T15:14:57+00:00","breadcrumb":{"@id":"https:\/\/www.easyjointsystem.com\/news\/#breadcrumb"},"inLanguage":"es","potentialAction":[{"@type":"ReadAction","target":["https:\/\/www.easyjointsystem.com\/news\/"]}]},{"@type":"BreadcrumbList","@id":"https:\/\/www.easyjointsystem.com\/news\/#breadcrumb","itemListElement":[{"@type":"ListItem","position":1,"name":"Home","item":"https:\/\/www.easyjointsystem.com\/"},{"@type":"ListItem","position":2,"name":"News"}]},{"@type":"WebSite","@id":"https:\/\/www.easyjointsystem.com\/#website","url":"https:\/\/www.easyjointsystem.com\/","name":"Easy Joint","description":"G&amp;G Partners","publisher":{"@id":"https:\/\/www.easyjointsystem.com\/#organization"},"potentialAction":[{"@type":"SearchAction","target":{"@type":"EntryPoint","urlTemplate":"https:\/\/www.easyjointsystem.com\/?s={search_term_string}"},"query-input":{"@type":"PropertyValueSpecification","valueRequired":true,"valueName":"search_term_string"}}],"inLanguage":"es"},{"@type":"Organization","@id":"https:\/\/www.easyjointsystem.com\/#organization","name":"Easy Joint","url":"https:\/\/www.easyjointsystem.com\/","logo":{"@type":"ImageObject","inLanguage":"es","@id":"https:\/\/www.easyjointsystem.com\/#\/schema\/logo\/image\/","url":"https:\/\/www.easyjointsystem.com\/wp-content\/uploads\/2023\/03\/Logo-gg-1.png","contentUrl":"https:\/\/www.easyjointsystem.com\/wp-content\/uploads\/2023\/03\/Logo-gg-1.png","width":992,"height":523,"caption":"Easy Joint"},"image":{"@id":"https:\/\/www.easyjointsystem.com\/#\/schema\/logo\/image\/"}}]}},"_links":{"self":[{"href":"https:\/\/www.easyjointsystem.com\/es\/wp-json\/wp\/v2\/pages\/16430","targetHints":{"allow":["GET"]}}],"collection":[{"href":"https:\/\/www.easyjointsystem.com\/es\/wp-json\/wp\/v2\/pages"}],"about":[{"href":"https:\/\/www.easyjointsystem.com\/es\/wp-json\/wp\/v2\/types\/page"}],"author":[{"embeddable":true,"href":"https:\/\/www.easyjointsystem.com\/es\/wp-json\/wp\/v2\/users\/1"}],"replies":[{"embeddable":true,"href":"https:\/\/www.easyjointsystem.com\/es\/wp-json\/wp\/v2\/comments?post=16430"}],"version-history":[{"count":25,"href":"https:\/\/www.easyjointsystem.com\/es\/wp-json\/wp\/v2\/pages\/16430\/revisions"}],"predecessor-version":[{"id":19210,"href":"https:\/\/www.easyjointsystem.com\/es\/wp-json\/wp\/v2\/pages\/16430\/revisions\/19210"}],"wp:attachment":[{"href":"https:\/\/www.easyjointsystem.com\/es\/wp-json\/wp\/v2\/media?parent=16430"}],"curies":[{"name":"wp","href":"https:\/\/api.w.org\/{rel}","templated":true}]}}